{"id":54339,"date":"2022-11-10T16:18:31","date_gmt":"2022-11-10T15:18:31","guid":{"rendered":"http:\/\/shooting-equipment.serverwaketo1001.de\/versandarten\/"},"modified":"2026-03-20T10:01:06","modified_gmt":"2026-03-20T09:01:06","slug":"versandarten","status":"publish","type":"page","link":"http:\/\/shooting-equipment.serverwaketo1001.de\/en\/versandarten\/","title":{"rendered":"Versandarten"},"content":{"rendered":"\n\t<section class=\"section\" id=\"section_1059442600\">\n\t\t<div class=\"section-bg fill\" >\n\t\t\t\t\t\t\t\t\t\n\t\t\t\n\n\t\t<\/div>\n\n\t\t\n\n\t\t<div class=\"section-content relative\">\n\t\t\t\n<div class=\"row\"  id=\"row-2124689017\">\n\n\t<div id=\"col-481384773\" class=\"col small-12 large-12\"  >\n\t\t\t\t<div class=\"col-inner\"  >\n\t\t\t\n\t\t\t\n<h1 class=\"nitro-offscreen\">Versandm\u00f6glichkeiten<\/h1>\n<p>Allgemein: Nicht jede Ware darf an jeden abgegeben werden, f\u00fcr bestimmte Waren gibt es Voraussetzungen wie g\u00fcltige Erlaubnisse, bzw. Jagdschein, Waffenbesitzkarte, Sprengstofferlaubnis oder aber Altersnachweis. Diese sind auf der Webseite bei den jeweiligen Produkten kenntlich gemacht.  <\/p>\n<p>Der Mindestbestellwert betr\u00e4gt: 25,00 \u20ac.<\/p>\n<h3><strong>Versandkosten<\/strong> (inklusive gesetzlicher Mehrwertsteuer)<\/h3>\n<p class=\"nitro-offscreen\">\n<h4><strong>Versand in Deutschland<\/strong><\/h4>\n<\/p>\n<p class=\"nitro-offscreen\"><b>DHL Paket national<\/b><\/p>\n<table>\n<colgroup>\n<col width=\"170\">\n<col width=\"60\"><\/colgroup>\n<tbody>\n<tr>\n<td>bis 3 kg<\/td>\n<td><b> <\/b>6,90 \u20ac<\/td>\n<\/tr>\n<tr>\n<td>bis 5 kg <\/td>\n<td> 8,50 \u20ac<\/td>\n<\/tr>\n<tr>\n<td>bis 10 kg<\/td>\n<td>10,50 \u20ac<\/td>\n<\/tr>\n<tr>\n<td>bis 20 kg<\/td>\n<td>16,00 \u20ac<\/td>\n<\/tr>\n<tr>\n<td>bis 31,5 kg<\/td>\n<td>19,00 \u20ac<\/td>\n<\/tr>\n<\/tbody>\n<\/table>\n<p class=\"nitro-offscreen\"><b>DHL Paket national mit Identcheck (Waffen)<\/b><\/p>\n<table>\n<colgroup>\n<col width=\"170\">\n<col width=\"60\"><\/colgroup>\n<tbody>\n<tr>\n<td>bis 5 kg<\/td>\n<td>22,00 \u20ac<\/td>\n<\/tr>\n<tr>\n<td>bis 10 kg<\/td>\n<td>24,00 \u20ac<\/td>\n<\/tr>\n<tr>\n<td>bis 20 kg<\/td>\n<td>29,00 \u20ac<\/td>\n<\/tr>\n<tr>\n<td>bis 31,5 kg<\/td>\n<td>32,00 \u20ac<\/td>\n<\/tr>\n<\/tbody>\n<\/table>\n<p class=\"nitro-offscreen\"><b>Kurier Overnight Express (genehmigungspflichtige Munition und weitere Gefahrgut-Artikel)<\/b><\/p>\n<table>\n<colgroup>\n<col width=\"170\">\n<col width=\"60\"><\/colgroup>\n<tbody>\n<tr>\n<td>bis 5 kg<\/td>\n<td>32,00 \u20ac<\/td>\n<\/tr>\n<tr>\n<td>bis 10 kg<\/td>\n<td>36,00 \u20ac<\/td>\n<\/tr>\n<tr>\n<td>bis 20 kg<\/td>\n<td>60,00 \u20ac<\/td>\n<\/tr>\n<tr>\n<td> <\/td>\n<td> <\/td>\n<\/tr>\n<\/tbody>\n<\/table>\n<p class=\"nitro-offscreen\">Kurier-Sendungen nur gegen <strong>pers\u00f6nliche Zustellung<\/strong> mit <b>ID-Pr\u00fcfung<\/b> m\u00f6glich. Bei Warenwert \u00fcber 500 \u20ac <strong>plus Zuschlag von 5 \u20ac<\/strong> je 1000\u20ac Warenwert. <\/p>\n<\/p>\n<p>Aufschlag f\u00fcr Sperrgut-Sendungen (Pakete \u00fcber 1,20m L\u00e4nge) 21 \u20ac.<\/p>\n<p><strong>Lieferfristen<br \/><\/strong>Soweit im jeweiligen Angebot keine andere Frist angegeben ist, erfolgt die Lieferung der Ware im Inland (Deutschland) innerhalb von 2 &#8211; 5<br \/>Werktagen, bei Auslandslieferungen innerhalb von 5 &#8211; 20 Werktagen nach Vertragsschluss (bei vereinbarter Vorauszahlung nach dem Zeitpunkt<br \/>Ihrer Zahlungsanweisung).<br \/>Beachten Sie, dass an Sonn- und Feiertagen keine Zustellung erfolgt.<br \/>Haben Sie Artikel mit unterschiedlichen Lieferzeiten bestellt, versenden wir die Ware in einer gemeinsamen Sendung, sofern wir keine<br \/>abweichenden Vereinbarungen mit Ihnen getroffen haben. Die Lieferzeit bestimmt sich in diesem Fall nach dem Artikel mit der l\u00e4ngsten<br \/>Lieferzeit den Sie bestellt haben. <\/p>\n<p><\/p>\n<h4><strong>Versand international<\/strong><\/h4>\n<\/p>\n<p><b>DHL Paket international <\/b>(<u>keine<\/u> Waffen, Munition und Gefahrg\u00fcter)<\/p>\n<\/p>\n<table>\n<colgroup>\n<col width=\"120\">\n<col width=\"90\">\n<col width=\"90\">\n<col width=\"90\">\n<col width=\"90\">\n<col width=\"90\">\n<col width=\"90\"><\/colgroup>\n<tbody>\n<tr>\n<th>Gewicht<\/th>\n<th>Zone A<\/th>\n<th>Zone B<\/th>\n<th>Zone C<\/th>\n<th>Zone D<\/th>\n<th>Zone E<\/th>\n<th>Zone F<\/th>\n<\/tr>\n<tr>\n<td>2kg<\/td>\n<td>18,00 \u20ac<\/td>\n<td>18,00 \u20ac<\/td>\n<td>19,00 \u20ac<\/td>\n<td>34,00 \u20ac<\/td>\n<td>43,00 \u20ac<\/td>\n<td>52,00 \u20ac<\/td>\n<\/tr>\n<tr>\n<td>2kg &#8211; 5kg<\/td>\n<td>18,00 \u20ac<\/td>\n<td>20,00 \u20ac<\/td>\n<td>23,00 \u20ac<\/td>\n<td>40,00 \u20ac<\/td>\n<td>55,00 \u20ac<\/td>\n<td>70,00 \u20ac<\/td>\n<\/tr>\n<tr>\n<td>5kg &#8211; 10kg<\/td>\n<td>18,00 \u20ac<\/td>\n<td>23,00 \u20ac<\/td>\n<td>30,00 \u20ac<\/td>\n<td>52,00 \u20ac<\/td>\n<td>75,00 \u20ac<\/td>\n<td>105,00 \u20ac<\/td>\n<\/tr>\n<tr>\n<td>10kg &#8211; 20kg<\/td>\n<td>18,00 \u20ac<\/td>\n<td>30,00 \u20ac<\/td>\n<td>40,00 \u20ac<\/td>\n<td>75,00 \u20ac<\/td>\n<td>120,00 \u20ac<\/td>\n<td>165,00 \u20ac<\/td>\n<\/tr>\n<tr>\n<td>20kg &#8211; 31,5kg<\/td>\n<td>18,00 \u20ac<\/td>\n<td>38,00 \u20ac<\/td>\n<td>53,00 \u20ac<\/td>\n<td> <\/td>\n<td> <\/td>\n<td> <\/td>\n<\/tr>\n<tr>\n<td><strong>zus. Lieferzeit <\/strong><\/td>\n<td>1-3 Tage<\/td>\n<td>1-3 Tage<\/td>\n<td>2-12 Tage<\/td>\n<td>7-19 Tage<\/td>\n<td>10-20 Tage<\/td>\n<td>15-40 Tage<\/td>\n<\/tr>\n<\/tbody>\n<\/table>\n<p class=\"nitro-offscreen\">\n<p>Zone A: Belgien, Frankreich, Italien, Norwegen, \u00d6sterreich, Schweiz<\/p>\n<p>Zone B: D\u00e4nemark, Finnland, Luxemburg, Monaco, Niederlande, Polen, San Marino, Spanien, Tschechische Republik<\/p>\n<p>Zone C: Bosnien-Herzegowina, Bulgarien, Estland, F\u00e4roer, Gibraltar, Griechenland, Gro\u00dfbritannien, Gr\u00f6nland, Irland, Island, Kroatien, Lettland, Lichtenstein, Litauen, Malta, Nordirland, Nordmazedonien, Montenegro, Moldau, Portugal, Rum\u00e4nien, Schweden, Serbien, Slowakei, Slowenien, Ukraine, Ungarn, Wei\u00dfrussland, Zypern<\/p>\n<p>Zone D: \u00c4gypten, Georgien, Israel, Marokko, Russland, Tunesien, T\u00fcrkei<\/p>\n<p>Zone E: China, Hongkong, Indien, Indonesien, Japan, Kanada, Kasachstan, Katar, Mexiko, Mongolei, Papua-Neuguinea, Philippinen, Singapur, Sri Lanka, S\u00fcdkorea, Taiwan, Thailand, VAE, Vietnam<\/p>\n<p>Zone F: Argentinien, Australien, Chile, Costa Rica, Kolumbien, Neuseeland, Panama, Peru, S\u00fcdafrika, Uruguay<\/p>\n<p><b>UPS <\/b> (<u>keine<\/u> Waffen, Munition und Gefahrg\u00fcter)<\/p>\n<\/p>\n<table>\n<colgroup>\n<col width=\"120\">\n<col width=\"90\">\n<col width=\"90\">\n<col width=\"90\">\n<col width=\"90\">\n<col width=\"90\">\n<col width=\"90\"><\/colgroup>\n<tbody>\n<tr>\n<th>Gewicht<\/th>\n<th>Zone W1<\/th>\n<th>Zone W2<\/th>\n<th>Zone W3<\/th>\n<th>Zone W4<\/th>\n<th>Zone W5<\/th>\n<th>Zone W6<\/th>\n<\/tr>\n<tr>\n<td>2kg<\/td>\n<td>50,00 \u20ac<\/td>\n<td>55,00 \u20ac<\/td>\n<td>70,00 \u20ac<\/td>\n<td>85,00 \u20ac<\/td>\n<td>90,00 \u20ac<\/td>\n<td>100,00 \u20ac<\/td>\n<\/tr>\n<tr>\n<td>2kg &#8211; 5kg<\/td>\n<td>60,00 \u20ac<\/td>\n<td>75,00 \u20ac<\/td>\n<td>90,00 \u20ac<\/td>\n<td>90,00 \u20ac<\/td>\n<td>115,00 \u20ac<\/td>\n<td>120,00 \u20ac<\/td>\n<\/tr>\n<tr>\n<td>5kg &#8211; 10kg<\/td>\n<td>75,00 \u20ac<\/td>\n<td>130,00 \u20ac<\/td>\n<td>145,00 \u20ac<\/td>\n<td>130,00 \u20ac<\/td>\n<td>180,00 \u20ac<\/td>\n<td>175,00 \u20ac<\/td>\n<\/tr>\n<tr>\n<td>10kg &#8211; 15kg<\/td>\n<td>85,00 \u20ac<\/td>\n<td>155,00 \u20ac<\/td>\n<td>170,00 \u20ac<\/td>\n<td>150,00 \u20ac<\/td>\n<td>205,00 \u20ac<\/td>\n<td>235,00 \u20ac<\/td>\n<\/tr>\n<tr>\n<td>15kg &#8211; 20kg<\/td>\n<td>100,00 \u20ac<\/td>\n<td>195,00 \u20ac<\/td>\n<td>210,00 \u20ac<\/td>\n<td>175,00 \u20ac <\/td>\n<td>245,00 \u20ac <\/td>\n<td>295,00 \u20ac <\/td>\n<\/tr>\n<tr>\n<td><strong>zus. Lieferzeit <\/strong><\/td>\n<td>5-9 Tage<\/td>\n<td>5-9 Tage<\/td>\n<td>5-9 Tage<\/td>\n<td>5-9 Tage<\/td>\n<td>5-9 Tage<\/td>\n<td>5-9 Tage<\/td>\n<\/tr>\n<\/tbody>\n<\/table>\n<p>Zone W1: Kanada, USA<\/p>\n<p>Zone W2: Japan, Singapur, Taiwan, Thailand<\/p>\n<p>Zone W3: Brasilien, Indien, Kolumbien<\/p>\n<p>Zone W4: Chile<\/p>\n<p>Zone W5: Neuseeland<\/p>\n<p>Zone W6: Australien, China, S\u00fcdafrika<\/p>\n<p>Soweit im jeweiligen Angebot keine andere Frist angegeben ist, erfolgt die Lieferung der Ware bei Auslandslieferungen innerhalb von 5 &#8211; 20 Werktagen nach Vertragsschluss (bei vereinbarter Vorauszahlung nach dem Zeitpunkt Ihrer Zahlungsanweisung).<\/p>\n<\/p>\n<p>Beachten Sie, dass an Sonn- und Feiertagen keine Zustellung erfolgt.<br \/>Die beim jeweiligen Artikel angegebene Lieferzeit verl\u00e4ngert sich beim internationalen Versand um die je Zone angegebene zus\u00e4tzliche Laufzeit. Alle Angaben beziehen sich auf Werktage. Bitte beachten Sie, dass es sich bei diesen Angaben um Laufzeitorientierungen des Versanddienstleisters handelt. Haben Sie Artikel mit unterschiedlichen Lieferzeiten bestellt, versenden wir die Ware in einer gemeinsamen Sendung, sofern wir keine abweichenden Vereinbarungen mit Ihnen getroffen haben. Die Lieferzeit bestimmt sich in diesem Fall nach dem Artikel mit der l\u00e4ngsten Lieferzeit den Sie bestellt haben.    <\/p>\n\t\t<\/div>\n\t\t\t\t\t<\/div>\n\n\t\n<\/div>\n\t\t<\/div>\n\n\t\t\n<style>\n#section_1059442600 {\n  padding-top: 30px;\n  padding-bottom: 30px;\n}\n<\/style>\n\t<\/section>\n\t\n","protected":false},"excerpt":{"rendered":"","protected":false},"author":4,"featured_media":0,"parent":0,"menu_order":0,"comment_status":"closed","ping_status":"closed","template":"page-blank.php","meta":{"_acf_changed":false,"inline_featured_image":false,"footnotes":""},"class_list":["post-54339","page","type-page","status-publish","hentry"],"acf":[],"_links":{"self":[{"href":"http:\/\/shooting-equipment.serverwaketo1001.de\/en\/wp-json\/wp\/v2\/pages\/54339","targetHints":{"allow":["GET"]}}],"collection":[{"href":"http:\/\/shooting-equipment.serverwaketo1001.de\/en\/wp-json\/wp\/v2\/pages"}],"about":[{"href":"http:\/\/shooting-equipment.serverwaketo1001.de\/en\/wp-json\/wp\/v2\/types\/page"}],"author":[{"embeddable":true,"href":"http:\/\/shooting-equipment.serverwaketo1001.de\/en\/wp-json\/wp\/v2\/users\/4"}],"replies":[{"embeddable":true,"href":"http:\/\/shooting-equipment.serverwaketo1001.de\/en\/wp-json\/wp\/v2\/comments?post=54339"}],"version-history":[{"count":2,"href":"http:\/\/shooting-equipment.serverwaketo1001.de\/en\/wp-json\/wp\/v2\/pages\/54339\/revisions"}],"predecessor-version":[{"id":54341,"href":"http:\/\/shooting-equipment.serverwaketo1001.de\/en\/wp-json\/wp\/v2\/pages\/54339\/revisions\/54341"}],"wp:attachment":[{"href":"http:\/\/shooting-equipment.serverwaketo1001.de\/en\/wp-json\/wp\/v2\/media?parent=54339"}],"curies":[{"name":"wp","href":"https:\/\/api.w.org\/{rel}","templated":true}]}}