{"id":2295,"date":"2022-11-10T16:18:31","date_gmt":"2022-11-10T15:18:31","guid":{"rendered":"http:\/\/shooting-equipment.serverwaketo1001.de\/legal-notice\/"},"modified":"2026-03-20T09:29:26","modified_gmt":"2026-03-20T08:29:26","slug":"legal-notice","status":"publish","type":"page","link":"https:\/\/shooting-equipment.serverwaketo1001.de\/en\/legal-notice\/","title":{"rendered":"Legal Notice"},"content":{"rendered":"\n\t<section class=\"section\" id=\"section_1455057258\">\n\t\t<div class=\"section-bg fill\" >\n\t\t\t\t\t\t\t\t\t\n\t\t\t\n\n\t\t<\/div>\n\n\t\t\n\n\t\t<div class=\"section-content relative\">\n\t\t\t\n<div class=\"row\"  id=\"row-940041546\">\n\n\t<div id=\"col-848533486\" class=\"col small-12 large-12\"  >\n\t\t\t\t<div class=\"col-inner\"  >\n\t\t\t\n\t\t\t\n<h1>Legal Notice<\/h1>\n<div class=\"agb_content agb_imprint \">\n<p><strong>Gesetzliche Anbieterkennung:<\/strong><\/p>\n<p><strong style=\"color: #333333;\">SE ShootingEquipment GmbH<\/strong><\/p>\n<p><strong>diese vertr. d. d. Gesch\u00e4ftsf\u00fchrer Michael Klein<br \/>Lehenweg 6<br \/>88281 Schlier<br \/>Deutschland <\/strong><\/p>\n<p><strong style=\"color: #333333;\">Tel.: +497513527795<\/strong><\/p>\n<p><strong>E-Mail: <a href=\"mailto:info@shootingequipment.de\">info@shootingequipment.de<br \/>WhatsApp: +497513527795<\/a><\/strong><\/p>\n<p><strong style=\"color: #333333;\">USt-IdNr: DE309646212<\/strong><\/p>\n<p><strong>Wi-ID-Nr.: DE309646212-00001<br \/>eingetragen im Handelsregister des Amtsgerichtes Ulm<br \/>Handelsregisternummer HRB 734443<\/strong><\/div>\n<div class=\"agb_content agb_imprint \"><strong style=\"color: #555555;\">UIN: FR224284_01BDAA<\/strong><\/p>\n<p><b>zust\u00e4ndige Aufsichtsbeh\u00f6rde:<\/b><br \/>f\u00fcr die Waffenhandelserlaubis Landratsamt Ravensburg<br \/>Friedenstra\u00dfe 6<br \/>88212 Ravensburg<br \/>Deutschland<\/p>\n<p><b>zust\u00e4ndige Aufsichtsbeh\u00f6rde f\u00fcr audiovisuelle Mediendienste:<\/b><br \/>Landesanstalt f\u00fcr Kommunikation Baden-W\u00fcrttemberg (LFK)<br \/>Reinsburgstra\u00dfe 27<br \/>70178 Stuttgart<br \/>Internet: <a href=\"https:\/\/www.lfk.de\/\" target=\"_blank\" rel=\"noopener\">https:\/\/www.lfk.de\/<\/a>  <\/p>\n<p>Wir sind nicht bereit und nicht verpflichtet, an Streitbeilegungsverfahren vor Verbraucherschlichtungsstellen teilzunehmen. <\/p>\n<p><strong>Wir sind seit 25.05.2018 Mitglied der Initiative &#8220;FairCommerce&#8221;.<br \/><\/strong>N\u00e4here Informationen hierzu finden Sie unter <a href=\"http:\/\/www.haendlerbund.de\/faircommerce\" target=\"_blank\" rel=\"noopener\">www.haendlerbund.de\/faircommerce<\/a>.<\/p>\n<\/div>\n\t\t<\/div>\n\t\t\t\t\t<\/div>\n\n\t\n<\/div>\n\t\t<\/div>\n\n\t\t\n<style>\n#section_1455057258 {\n  padding-top: 30px;\n  padding-bottom: 30px;\n}\n<\/style>\n\t<\/section>\n\t\n","protected":false},"excerpt":{"rendered":"","protected":false},"author":4,"featured_media":0,"parent":0,"menu_order":0,"comment_status":"closed","ping_status":"closed","template":"page-blank.php","meta":{"_acf_changed":false,"inline_featured_image":false,"footnotes":""},"class_list":["post-2295","page","type-page","status-publish","hentry"],"acf":[],"_links":{"self":[{"href":"https:\/\/shooting-equipment.serverwaketo1001.de\/en\/wp-json\/wp\/v2\/pages\/2295","targetHints":{"allow":["GET"]}}],"collection":[{"href":"https:\/\/shooting-equipment.serverwaketo1001.de\/en\/wp-json\/wp\/v2\/pages"}],"about":[{"href":"https:\/\/shooting-equipment.serverwaketo1001.de\/en\/wp-json\/wp\/v2\/types\/page"}],"author":[{"embeddable":true,"href":"https:\/\/shooting-equipment.serverwaketo1001.de\/en\/wp-json\/wp\/v2\/users\/4"}],"replies":[{"embeddable":true,"href":"https:\/\/shooting-equipment.serverwaketo1001.de\/en\/wp-json\/wp\/v2\/comments?post=2295"}],"version-history":[{"count":4,"href":"https:\/\/shooting-equipment.serverwaketo1001.de\/en\/wp-json\/wp\/v2\/pages\/2295\/revisions"}],"predecessor-version":[{"id":54294,"href":"https:\/\/shooting-equipment.serverwaketo1001.de\/en\/wp-json\/wp\/v2\/pages\/2295\/revisions\/54294"}],"wp:attachment":[{"href":"https:\/\/shooting-equipment.serverwaketo1001.de\/en\/wp-json\/wp\/v2\/media?parent=2295"}],"curies":[{"name":"wp","href":"https:\/\/api.w.org\/{rel}","templated":true}]}}