{"id":54292,"date":"2026-03-17T12:36:27","date_gmt":"2026-03-17T11:36:27","guid":{"rendered":"http:\/\/shooting-equipment.serverwaketo1001.de\/erwerbsberechtigung\/"},"modified":"2026-03-17T12:36:27","modified_gmt":"2026-03-17T11:36:27","slug":"erwerbsberechtigung","status":"publish","type":"page","link":"https:\/\/shooting-equipment.serverwaketo1001.de\/en\/erwerbsberechtigung\/","title":{"rendered":"Erwerbsberechtigung"},"content":{"rendered":"<p><u><strong>Munitions- &amp; Waffenerwerb in Deutschland<\/strong><\/u><\/p>\n<p>Wir liefern grunds\u00e4tzlich und ausschlie\u00dflich nach den gesetzlichen Bestimmungen und unseren AGB.<\/p>\n<p>Bitte beachten Sie, dass die Rechnungsadresse gleich Lieferadresse sein muss und mit der Adresse auf Ihrem Personalausweis \u00fcbereinstimmen muss.<\/p>\n<p>Die dargestellten Ausf\u00fchrungen beziehen sich auf das Waffengesetz und haben keinen Anspruch auf Vollst\u00e4ndigkeit.<\/p>\n<p><strong>Wichtig:<\/strong> Bitte senden Sie uns bei Bestellungen die notwendigen Unterlagen immer vorab als Scan per Mail an: office@shootingequipment.de<\/p>\n<p><u><strong><br \/>\nFreie Waffen<\/strong><\/u><\/p>\n<p>Hierzu geh\u00f6ren Luftdruck- und CO2-Waffen (bis 7,5 Joule), diese sind nach Vollendung des 18. Lebensjahres erh\u00e4ltlich. F\u00fcr den Erwerb ist ein amtlicher Altersnachweis erforderlich. Bitte senden Sie uns unter Angabe Ihrer Kunden- und Bestelldaten eine Kopie Ihres Personalausweises (Vorder- und R\u00fcckseite) oder eine amtliche Altersbest\u00e4tigung per Mail oder Post zu.  <\/p>\n<p>Per Mail: Senden Sie Ihren Altersnachweis bitte an office@shootingequipment.de<\/p>\n<p>Per Post: Senden Sie Ihren Altersnachweis bitte in einem frankierten Umschlag an: SE ShootingEquipment GmbH, Lehenweg 6, 88281 Schlier<\/p>\n<p><strong>Versand:<\/strong> Diese Waffen werden per DHL mit Ident-Check versendet. Die \u00dcbergabe erfolgt nur pers\u00f6nlich an den Empf\u00e4nger gegen Ausweisvorlage. <\/p>\n<p><u><strong><br \/>\nErlaubnispflichtige Waffen<\/strong><\/u><\/p>\n<p><strong>Langwaffen<\/strong><br \/>\nOriginal Jagdschein, original WBK per Einwurf-Einschreiben bzw. amtlich beglaubigte Jagdschein-Kopie oder amtlich beglaubigte Jagdscheinabschrift per Brief. (Beglaubigungs-Datum darf maximal 14 Tage alt sein) <\/p>\n<p>Bei Erwerb auf Sportsch\u00fctzen-WBK bzw. &#8220;alte Gelbe&#8221; WBK.<\/p>\n<p>\u2022 Einzellader-Langwaffen mit gezogenen und glatten L\u00e4ufen<br \/>\n\u2022 Der Antragsteller darf nur zwei Waffen pro Halbjahr erwerben<\/p>\n<p><strong>Kurzwaffen<\/strong><br \/>\nOriginal-WBK mit Voreintrag, per Einwurf-Einschreiben.<\/p>\n<p>Die Original-Dokumente erhalten Sie nach Registrierung bzw. Eintragung wieder zur\u00fcck.<\/p>\n<p>Der Erwerb von Wechsel- und Austauschl\u00e4ufen, Wechseltrommeln, Einsteckl\u00e4ufen und -systemen sowie verschiedenen Eins\u00e4tzen. Ist die &#8220;Grundwaffe&#8221; bereits in der WBK des Erwerbers eingetragen, so kann man folgende Schusswaffenteile unter den angegebenen Voraussetzungen ohne eine weitere Erlaubnis erwerben und besitzen. Der Erwerb ist binnen 14 Tage bei der Beh\u00f6rde anzuzeigen und in der WBK einzutragen.  <\/p>\n<p>\u2022 Wechsel- und Austauschl\u00e4ufe, die im Vergleich zur &#8220;Grundwaffe&#8221; gleichen oder geringeren Kalibers sind einschlie\u00dflich der f\u00fcr diese L\u00e4ufe erforderlichen auswechselbaren Verschl\u00fcsse (Wechselsysteme).<br \/>\n\u2022 Wechseltrommeln, aus denen nur Munition verschossen werden kann, die verglichen mit der f\u00fcr die \u201eGrundwaffe\u201c bestimmten Munition einen gleichen oder geringeren Geschossdurchmesser und einen gleichen oder geringeren h\u00f6chstzul\u00e4ssigen Gebrauchsgasdruck hat.<br \/>\n\u2022 Einsteckl\u00e4ufe und dazugeh\u00f6rige Verschl\u00fcsse (Einstecksysteme) und Eins\u00e4tze, die Munition mit kleinerer Abmessung als die Grundwaffe verschie\u00dfen (z.B. Fangschussgeber, Reduzierh\u00fclsen, Ladepatronen)<\/p>\n<p>Grundlage hierf\u00fcr ist die Regelung in Anlage 2 zum Waffengesetz, Abschnitt 2, Unterabschnitt 2, Ziffer 2.<\/p>\n<p><strong>Versand:<\/strong> Diese Waffen werden per DHL mit Ident-Check versendet. Die \u00dcbergabe erfolgt nur pers\u00f6nlich an den Empf\u00e4nger gegen Ausweisvorlage. <\/p>\n<p><u><strong><br \/>\nErlaubnispflichtige Munition<\/strong><\/u><\/p>\n<p><strong>F\u00fcr Langwaffen:<\/strong><br \/>\nOriginal Munitionserwerbsschein, original WBK, bzw. amtlich beglaubigte Kopie, nicht \u00e4lter als 14 Tage, s\u00e4mtlicher Seiten. Original des Jagdscheins, amtlich beglaubigte Jagdschein-Kopie oder amtlich beglaubigte Jagdscheinabschrift. <\/p>\n<p><strong>F\u00fcr Kurzwaffen:<\/strong><br \/>\nOriginal WBK oder original Munitionserwerbsschein, bzw. amtlich beglaubigte Kopie, nicht \u00e4lter als 14 Tage, s\u00e4mtlicher Seiten.<\/p>\n<p>Briefe bitte nur an: SE ShootingEquipment GmbH, Lehenweg 6, 88281 Schlier<\/p>\n<p><strong>Versand:<\/strong> Diese Munition wird per Overnite mit pers\u00f6nlicher Zustellung versendet.<\/p>\n<p><u><strong><br \/>\nAllgemeiner Hinweis:<\/strong><\/u><\/p>\n<p>Aufbewahrungspflicht, bitte beachten Sie die f\u00fcr Ihre erworbene Waffe und Munition notwendigen Auflagen zur Aufbewahrung. Auch einzelne Patronen m\u00fcssen unter Verschluss! <\/p>\n<p><strong>Verbot des F\u00fchrens von Anscheinswaffen -\u00a7 42 a WaffG<\/strong><br \/>\nEs ist verboten Anscheinswaffen, Hieb- und Sto\u00dfwaffen nach Anlage 1 Abschnitt 1 Unterabschnitt 2 Nr. 1.1 oder Messer mit einer feststellbaren Klinge (Einhandmesser) oder feststehende Messer mit der Klingenl\u00e4nge \u00fcber 12 cm zu f\u00fchren.<\/p>\n<p>Anscheinswaffen sind Schusswaffen, die ihrer \u00e4u\u00dferen Form nach im Gesamtbild den Anschein von Feuerwaffen (Anlage 1 Abschnitt 1 Unterabschnitt 1 Nr. 2.1) hervorrufen und bei denen zum Antrieb der Geschosse keine hei\u00dfen Gase verwendet werden, Nachbildungen von Schusswaffen mit dem Aussehen von Schusswaffen nach Nummer 1 oder unbrauchbar gemachte Schusswaffen mit dem Aussehen von Schusswaffen nach Nummer 1.<\/p>\n<p>Ausgenommen sind solche Gegenst\u00e4nde, die erkennbar nach ihrem Gesamterscheinungsbild zum Spiel (z.B. Z\u00fcndbl\u00e4ttchenrevolver) oder f\u00fcr Brauchtumsveranstaltungen bestimmt sind (z.B. Karneval, Sch\u00fctzenfestumz\u00fcge) oder die Teile einer kulturhistorische bedeutsamen Sammlung in Sinne des \u00a7 17 sind oder werden sollen oder Schusswaffen, f\u00fcr die \u00a7 10 Abs.4 eine Erlaubnis zum F\u00fchren erforderlich ist (z.B. Gas- und Signalwaffen, Druckluft- und Druckgaswaffen).<\/p>\n<p>Das F\u00fchrverbot gilt nicht f\u00fcr den Transport in einem verschlossenen Beh\u00e4ltnis (z.B. eingeschwei\u00dfte Verpackung, Waffenkoffer mit Schloss), soweit ein berechtigtes Interesse vorliegt. Ein berechtigtes Interesse liegt immer dann vor, wenn das F\u00fchren der Gegenst\u00e4nde im Zusammenhang mit der Berufsaus\u00fcbung erfolgt, der Brauchtumspflege, dem Sport oder einem allgemein anerkannten Zweck dient, somit ein sozialad\u00e4quater Gebrauch vorliegt. <\/p>\n<p><u><strong><br \/>\nSch\u00fctzen und andere Waffenk\u00e4ufer:<\/strong><\/u><\/p>\n<p>Der Erwerb von Lang- und Kurzwaffen und deren Munition erfordert eine Waffenbesitzkarte (WBK) bzw. Munitionserwerbsschein. Die Beh\u00f6rde tr\u00e4gt die Waffenart und die Berechtigung zum Munitionserwerb nach Pr\u00fcfung von Bed\u00fcrfnis, Waffensachkunde(Pr\u00fcfung) und Zuverl\u00e4ssigkeit des Inhabers in die WBK ein (Voreintrag). Beim Kauf der Waffe werden von uns der Waffentyp, Hersteller, Modell und Seriennummer eingetragen. Der Erwerb muss innerhalb von 14 Werktagen bei der Beh\u00f6rde angemeldet werden.   <\/p>\n<p>Als Nachweis f\u00fcr Bed\u00fcrfnis und Sachverstand erhalten Sch\u00fctzen von ihren Vereinen eine Bescheinigung \u00fcber regelm\u00e4\u00dfige Teilnahme an den Schie\u00df\u00fcbungen. Inhaber einer NEUEN gelben WBK f\u00fcr Sportsch\u00fctzen k\u00f6nnen Einzellader-Langwaffen mit glatten und gezogenen L\u00e4ufen, Repetier-Langwaffen mit gezogenen L\u00e4ufen, einl\u00e4ufige Einzellader-Kurzwaffen f\u00fcr Patronenmunition und mehrsch\u00fcssige Perkussionslang- und Perkussionskurzwaffen und die dazugeh\u00f6rende Munition (kein Pulver) auch ohne Voreintrag erwerben. <\/p>\n<p><u><strong><br \/>\nJ\u00e4ger:<\/strong><\/u><\/p>\n<p>Mit dem g\u00fcltigen Jagdschein k\u00f6nnen Sie Langwaffen und die dazugeh\u00f6rige Munition kaufen. Langwaffen m\u00fcssen innerhalb von 14 Werktagen bei der zust\u00e4ndigen Beh\u00f6rde angemeldet werden. <\/p>\n<p><strong>Achtung!<\/strong> F\u00fcr Faustfeuerwaffen und deren Munition m\u00fcssen auch J\u00e4ger vorab eine Waffenbesitzkarte mit Voreintrag zum Erwerb beantragen.<\/p>\n","protected":false},"excerpt":{"rendered":"<p>Munitions- &amp; Waffenerwerb in Deutschland Wir liefern grunds\u00e4tzlich und ausschlie\u00dflich nach den gesetzlichen Bestimmungen und unseren AGB. Bitte beachten Sie, dass die Rechnungsadresse gleich Lieferadresse sein muss und mit der Adresse auf Ihrem Personalausweis \u00fcbereinstimmen muss. Die dargestellten Ausf\u00fchrungen beziehen sich auf das Waffengesetz und haben keinen Anspruch auf Vollst\u00e4ndigkeit. Wichtig: Bitte senden Sie uns&#8230;<\/p>\n","protected":false},"author":4,"featured_media":0,"parent":0,"menu_order":0,"comment_status":"closed","ping_status":"closed","template":"","meta":{"_acf_changed":false,"inline_featured_image":false,"footnotes":""},"class_list":["post-54292","page","type-page","status-publish","hentry"],"acf":[],"_links":{"self":[{"href":"https:\/\/shooting-equipment.serverwaketo1001.de\/en\/wp-json\/wp\/v2\/pages\/54292","targetHints":{"allow":["GET"]}}],"collection":[{"href":"https:\/\/shooting-equipment.serverwaketo1001.de\/en\/wp-json\/wp\/v2\/pages"}],"about":[{"href":"https:\/\/shooting-equipment.serverwaketo1001.de\/en\/wp-json\/wp\/v2\/types\/page"}],"author":[{"embeddable":true,"href":"https:\/\/shooting-equipment.serverwaketo1001.de\/en\/wp-json\/wp\/v2\/users\/4"}],"replies":[{"embeddable":true,"href":"https:\/\/shooting-equipment.serverwaketo1001.de\/en\/wp-json\/wp\/v2\/comments?post=54292"}],"version-history":[{"count":0,"href":"https:\/\/shooting-equipment.serverwaketo1001.de\/en\/wp-json\/wp\/v2\/pages\/54292\/revisions"}],"wp:attachment":[{"href":"https:\/\/shooting-equipment.serverwaketo1001.de\/en\/wp-json\/wp\/v2\/media?parent=54292"}],"curies":[{"name":"wp","href":"https:\/\/api.w.org\/{rel}","templated":true}]}}