{"id":24205,"date":"2026-03-13T16:00:38","date_gmt":"2026-03-13T15:00:38","guid":{"rendered":"http:\/\/shooting-equipment.serverwaketo1001.de\/gehmann-diopter-0-0x-530-0\/"},"modified":"2026-03-24T18:03:29","modified_gmt":"2026-03-24T17:03:29","slug":"gehmann-diopter-0-0x-530-0","status":"publish","type":"product","link":"https:\/\/shooting-equipment.serverwaketo1001.de\/en\/gehmann-diopter-0-0x-530-0\/","title":{"rendered":"Gehmann diopter 0.0x 530-0"},"content":{"rendered":"<p>530-0 Gehmann diopter 0.0x 50300-0 combined with rearsight iris 510<\/p>\n<p>Gehmann rearsight iris (510):<br \/>Much shorter and adjustable over a wider range of 0.5 &#8211; 3.0mm<br \/>For all well-known target rifles (M9,5&#215;1 thread): Feinwerkbau, Steyr, Walther, H\u00e4mmerli, Gr\u00fcnig + Elmiger, Diana, Ansch\u00fctz etc.<br \/>The fixed-seat iris works with individually pin-located tempered spring steel leaves<br \/>The aim-point is precisely maintained through the wider range of adjustment by the introduction of a new system of aperture control, which is operated by varying the pressure of a steel tube against the central aiming ring &#8211; this guarantees a perfect circle at any point within the scale<br \/>Light reflection is kept to a minimum by external and internal matt finishes<br \/>Gehmann patented, so not available from any other manufacturers<br \/>Laser engraved indications<br \/>Thread M9.5&#215;1<br \/>Black<\/p>\n<p>combinied with Gehmann diopter 0.0x (50300-0):<br \/>Revolutionary world\u2018s first diopter 0.0x<br \/>We are proud that we have finally achieved to realize a dream of many sport shooters. Recently patented and now available.<\/p>\n<p>A diopter correction WITHOUT magnification!<\/p>\n<p>The target picture size remains equal and clear throughout the entire dioptric adjustment range of +\/- 5 dpt. Using a highly refractive type of glass makes it possible to correct spherical defective vision without having any optical magnification. Shooting lenses are at a natural disadvantage to the diopter 0.0x. This is because a shooting lens is made to correct visual defects at the time the shooter is tested. Throughout the day, dependant on sugar and fatigue levels, the eyesight can change rendering the lens inefficient. The advantage compared to usual shooters\u2018 frames is the possibility to correct the spherical defect through slight fine adjustments any time, while neglecting the need of time-consuming shooting frame setups. According to DSB rules approved without restriction for DSB (German Shooting Sports Federation) and finally approved by ISSF! <\/p>\n<p>Made in Germany<\/p>\n","protected":false},"excerpt":{"rendered":"<p>530-0 Gehmann diopter 0.0x 50300-0 combined with rearsight iris 510 Gehmann rearsight iris (510):Much shorter and adjustable over a wider range of 0.5 &#8211; 3.0mmFor all well-known target rifles (M9,5&#215;1 thread): Feinwerkbau, Steyr, Walther, H\u00e4mmerli, Gr\u00fcnig + Elmiger, Diana, Ansch\u00fctz etc.The fixed-seat iris works with individually pin-located tempered spring steel leavesThe aim-point is precisely maintained&#8230;<\/p>\n","protected":false},"featured_media":60230,"comment_status":"open","ping_status":"closed","template":"","meta":{"_acf_changed":false,"inline_featured_image":false},"disziplin":[],"erwerbsberechtigung":[],"kaliber":[],"marken":[],"product_brand":[],"product_cat":[21],"product_tag":[],"class_list":{"0":"post-24205","1":"product","2":"type-product","3":"status-publish","4":"has-post-thumbnail","6":"product_cat-unkategorisiert","8":"first","9":"instock","10":"taxable","11":"shipping-taxable","12":"purchasable","13":"product-type-simple"},"exclude_global_add_ons":[],"addons":[],"acf":[],"tiered_pricing_type":"fixed","tiered_pricing_fixed_rules":[],"tiered_pricing_product_settings":{"layout":"default","base_unit_name":{"singular":null,"plural":null},"default_variation":null},"tiered_pricing_minimum_quantity":null,"tiered_pricing_roles_data":[],"tiered_pricing_percentage_rules":[],"_links":{"self":[{"href":"https:\/\/shooting-equipment.serverwaketo1001.de\/en\/wp-json\/wp\/v2\/product\/24205","targetHints":{"allow":["GET"]}}],"collection":[{"href":"https:\/\/shooting-equipment.serverwaketo1001.de\/en\/wp-json\/wp\/v2\/product"}],"about":[{"href":"https:\/\/shooting-equipment.serverwaketo1001.de\/en\/wp-json\/wp\/v2\/types\/product"}],"replies":[{"embeddable":true,"href":"https:\/\/shooting-equipment.serverwaketo1001.de\/en\/wp-json\/wp\/v2\/comments?post=24205"}],"wp:featuredmedia":[{"embeddable":true,"href":"https:\/\/shooting-equipment.serverwaketo1001.de\/en\/wp-json\/wp\/v2\/media\/60230"}],"wp:attachment":[{"href":"https:\/\/shooting-equipment.serverwaketo1001.de\/en\/wp-json\/wp\/v2\/media?parent=24205"}],"wp:term":[{"taxonomy":"disziplin","embeddable":true,"href":"https:\/\/shooting-equipment.serverwaketo1001.de\/en\/wp-json\/wp\/v2\/disziplin?post=24205"},{"taxonomy":"erwerbsberechtigung","embeddable":true,"href":"https:\/\/shooting-equipment.serverwaketo1001.de\/en\/wp-json\/wp\/v2\/erwerbsberechtigung?post=24205"},{"taxonomy":"kaliber","embeddable":true,"href":"https:\/\/shooting-equipment.serverwaketo1001.de\/en\/wp-json\/wp\/v2\/kaliber?post=24205"},{"taxonomy":"marken","embeddable":true,"href":"https:\/\/shooting-equipment.serverwaketo1001.de\/en\/wp-json\/wp\/v2\/marken?post=24205"},{"taxonomy":"product_brand","embeddable":true,"href":"https:\/\/shooting-equipment.serverwaketo1001.de\/en\/wp-json\/wp\/v2\/product_brand?post=24205"},{"taxonomy":"product_cat","embeddable":true,"href":"https:\/\/shooting-equipment.serverwaketo1001.de\/en\/wp-json\/wp\/v2\/product_cat?post=24205"},{"taxonomy":"product_tag","embeddable":true,"href":"https:\/\/shooting-equipment.serverwaketo1001.de\/en\/wp-json\/wp\/v2\/product_tag?post=24205"}],"curies":[{"name":"wp","href":"https:\/\/api.w.org\/{rel}","templated":true}]}}