{"id":25015,"date":"2026-03-13T16:45:56","date_gmt":"2026-03-13T15:45:56","guid":{"rendered":"http:\/\/shooting-equipment.serverwaketo1001.de\/walther-rear-sight-mod-visionic\/"},"modified":"2026-03-24T18:52:27","modified_gmt":"2026-03-24T17:52:27","slug":"walther-rear-sight-mod-visionic","status":"publish","type":"product","link":"https:\/\/shooting-equipment.serverwaketo1001.de\/en\/walther-rear-sight-mod-visionic\/","title":{"rendered":"Walther Rear Sight mod. VISIONIC"},"content":{"rendered":"<p>VISIONIC Match Diopter <\/p>\n<p>Der innovative VISIONIC Matchdiopter erleichtert den fein konditionierten Vorgang der Zielerfassung. Vom Senken des Kopfes bis zur perfekten 10,9.<br \/>Geringe Bauh\u00f6he und ein integriertes Peilvisier zum effizienten Ausrichten der Waffe sind wesentliche Merkmale dieses hochinnovativen Visiersystems. H\u00f6hen- und Seitenverstellung sind maximal tiefpositioniert, um ein m\u00f6glichst freies Sehfeld auf die Scheibe zu haben. Der Visionic Matchdiopter setzt zudem ein feinmechanisches Ausrufezeichen. Das Must-have f\u00fcr jeden ambitionierten Sch\u00fctzen. Entwickelt f\u00fcr die Walther Sportgewehre LG500, LG400 und KK500.<\/p>\n<p>1 Maximal tiefe Positionierung<br \/>H\u00f6hen- und Seitenverstellung maximal tief positioniert f\u00fcr m\u00f6glichst freies Sehfeld auf die Scheibe<\/p>\n<p>2 Effizientes Ausrichten<br \/>Geringe Bauh\u00f6he und ein integriertes Peilvisier zum effizienten Ausrichten des Nullpunktes<\/p>\n<p>3 Zielgerichtete Pr\u00e4zision<br \/>Kugelgelagerte Parallelf\u00fchrungen erm\u00f6glichen einzigartige Pr\u00e4zision und Wiederholgenauigkeit<\/p>\n","protected":false},"excerpt":{"rendered":"<p>VISIONIC Match Diopter Der innovative VISIONIC Matchdiopter erleichtert den fein konditionierten Vorgang der Zielerfassung. Vom Senken des Kopfes bis zur perfekten 10,9.Geringe Bauh\u00f6he und ein integriertes Peilvisier zum effizienten Ausrichten der Waffe sind wesentliche Merkmale dieses hochinnovativen Visiersystems. H\u00f6hen- und Seitenverstellung sind maximal tiefpositioniert, um ein m\u00f6glichst freies Sehfeld auf die Scheibe zu haben. Der&#8230;<\/p>\n","protected":false},"featured_media":60595,"comment_status":"open","ping_status":"closed","template":"","meta":{"_acf_changed":false,"inline_featured_image":false},"disziplin":[],"erwerbsberechtigung":[],"kaliber":[],"marken":[],"product_brand":[],"product_cat":[21],"product_tag":[],"class_list":{"0":"post-25015","1":"product","2":"type-product","3":"status-publish","4":"has-post-thumbnail","6":"product_cat-unkategorisiert","8":"first","9":"instock","10":"taxable","11":"shipping-taxable","12":"purchasable","13":"product-type-simple"},"exclude_global_add_ons":[],"addons":[],"acf":[],"tiered_pricing_type":"fixed","tiered_pricing_fixed_rules":[],"tiered_pricing_product_settings":{"layout":"default","base_unit_name":{"singular":null,"plural":null},"default_variation":null},"tiered_pricing_minimum_quantity":null,"tiered_pricing_roles_data":[],"tiered_pricing_percentage_rules":[],"_links":{"self":[{"href":"https:\/\/shooting-equipment.serverwaketo1001.de\/en\/wp-json\/wp\/v2\/product\/25015","targetHints":{"allow":["GET"]}}],"collection":[{"href":"https:\/\/shooting-equipment.serverwaketo1001.de\/en\/wp-json\/wp\/v2\/product"}],"about":[{"href":"https:\/\/shooting-equipment.serverwaketo1001.de\/en\/wp-json\/wp\/v2\/types\/product"}],"replies":[{"embeddable":true,"href":"https:\/\/shooting-equipment.serverwaketo1001.de\/en\/wp-json\/wp\/v2\/comments?post=25015"}],"wp:featuredmedia":[{"embeddable":true,"href":"https:\/\/shooting-equipment.serverwaketo1001.de\/en\/wp-json\/wp\/v2\/media\/60595"}],"wp:attachment":[{"href":"https:\/\/shooting-equipment.serverwaketo1001.de\/en\/wp-json\/wp\/v2\/media?parent=25015"}],"wp:term":[{"taxonomy":"disziplin","embeddable":true,"href":"https:\/\/shooting-equipment.serverwaketo1001.de\/en\/wp-json\/wp\/v2\/disziplin?post=25015"},{"taxonomy":"erwerbsberechtigung","embeddable":true,"href":"https:\/\/shooting-equipment.serverwaketo1001.de\/en\/wp-json\/wp\/v2\/erwerbsberechtigung?post=25015"},{"taxonomy":"kaliber","embeddable":true,"href":"https:\/\/shooting-equipment.serverwaketo1001.de\/en\/wp-json\/wp\/v2\/kaliber?post=25015"},{"taxonomy":"marken","embeddable":true,"href":"https:\/\/shooting-equipment.serverwaketo1001.de\/en\/wp-json\/wp\/v2\/marken?post=25015"},{"taxonomy":"product_brand","embeddable":true,"href":"https:\/\/shooting-equipment.serverwaketo1001.de\/en\/wp-json\/wp\/v2\/product_brand?post=25015"},{"taxonomy":"product_cat","embeddable":true,"href":"https:\/\/shooting-equipment.serverwaketo1001.de\/en\/wp-json\/wp\/v2\/product_cat?post=25015"},{"taxonomy":"product_tag","embeddable":true,"href":"https:\/\/shooting-equipment.serverwaketo1001.de\/en\/wp-json\/wp\/v2\/product_tag?post=25015"}],"curies":[{"name":"wp","href":"https:\/\/api.w.org\/{rel}","templated":true}]}}